{"id":28,"date":"2025-10-28T12:09:26","date_gmt":"2025-10-28T11:09:26","guid":{"rendered":"https:\/\/laura-ndrc24.se-formation.fr\/?page_id=28"},"modified":"2025-10-28T12:20:54","modified_gmt":"2025-10-28T11:20:54","slug":"a-propos","status":"publish","type":"page","link":"https:\/\/laura-ndrc24.se-formation.fr\/index.php\/a-propos\/","title":{"rendered":"A propos"},"content":{"rendered":"\n<p>Etudiante en deuxi\u00e8me ann\u00e9e de bts NDRC en alternance dans une agence immobili\u00e8re &#8216;Caracas&#8217; \u00e0 Canet-en-Roussillon.<\/p>\n\n\n\n<p>J&#8217;ai 21 ans et travaille \u00e0 c\u00f4t\u00e9 de mon contrat alternance le dimanche matin en contrat \u00e9tudiant. <\/p>\n\n\n\n<figure class=\"wp-block-image aligncenter size-full is-resized\"><img loading=\"lazy\" decoding=\"async\" width=\"462\" height=\"284\" src=\"https:\/\/laura-ndrc24.se-formation.fr\/wp-content\/uploads\/2025\/10\/Capture-decran-2025-10-28-a-12.20.19.png\" alt=\"\" class=\"wp-image-36\" style=\"width:146px;height:auto\" srcset=\"https:\/\/laura-ndrc24.se-formation.fr\/wp-content\/uploads\/2025\/10\/Capture-decran-2025-10-28-a-12.20.19.png 462w, https:\/\/laura-ndrc24.se-formation.fr\/wp-content\/uploads\/2025\/10\/Capture-decran-2025-10-28-a-12.20.19-300x184.png 300w\" sizes=\"auto, (max-width: 462px) 100vw, 462px\" \/><\/figure>\n\n\n\n<h2 class=\"wp-block-heading has-text-align-center has-large-font-size\"><em><mark style=\"background-color:rgba(0, 0, 0, 0);color:#00d084\" class=\"has-inline-color\">Exp\u00e9rience Professionnelle<\/mark><\/em><\/h2>\n\n\n\n<p class=\"has-text-align-center\">J&#8217;ai travaill\u00e9 en tant que serveuse au club de plage Cot\u00e9 plage \u00e0 Canet-en-Roussillon de juin 2022 \u00e0 septembre 2022 et j&#8217;ai fais quelques extras pendant l&#8217;\u00e9t\u00e9 2024.<\/p>\n\n\n\n<p class=\"has-text-align-center\">Puis en 2023, j&#8217;ai travaill\u00e9 \u00e0 Action de Cabestany, j&#8217;ai fais de la mise en rayon.<\/p>\n\n\n\n<p><\/p>\n\n\n\n<h2 class=\"wp-block-heading has-text-align-center\"><em><mark style=\"background-color:rgba(0, 0, 0, 0)\" class=\"has-inline-color has-ast-global-color-0-color\">Formations<\/mark><\/em><\/h2>\n\n\n\n<p>Bac g\u00e9n\u00e9ral 2022\/ Brevet National 2019<\/p>\n\n\n\n<figure class=\"wp-block-image size-full is-resized\"><img loading=\"lazy\" decoding=\"async\" width=\"498\" height=\"130\" src=\"https:\/\/laura-ndrc24.se-formation.fr\/wp-content\/uploads\/2025\/10\/Capture-decran-2025-10-28-a-11.56.19-1.png\" alt=\"\" class=\"wp-image-34\" style=\"width:747px;height:auto\" srcset=\"https:\/\/laura-ndrc24.se-formation.fr\/wp-content\/uploads\/2025\/10\/Capture-decran-2025-10-28-a-11.56.19-1.png 498w, https:\/\/laura-ndrc24.se-formation.fr\/wp-content\/uploads\/2025\/10\/Capture-decran-2025-10-28-a-11.56.19-1-300x78.png 300w\" sizes=\"auto, (max-width: 498px) 100vw, 498px\" \/><\/figure>\n\n\n\n<figure class=\"wp-block-image alignright size-full is-resized\"><img loading=\"lazy\" decoding=\"async\" width=\"462\" height=\"284\" src=\"https:\/\/laura-ndrc24.se-formation.fr\/wp-content\/uploads\/2025\/10\/Capture-decran-2025-10-28-a-11.56.57-2.png\" alt=\"\" class=\"wp-image-35\" style=\"width:417px;height:auto\" srcset=\"https:\/\/laura-ndrc24.se-formation.fr\/wp-content\/uploads\/2025\/10\/Capture-decran-2025-10-28-a-11.56.57-2.png 462w, https:\/\/laura-ndrc24.se-formation.fr\/wp-content\/uploads\/2025\/10\/Capture-decran-2025-10-28-a-11.56.57-2-300x184.png 300w\" sizes=\"auto, (max-width: 462px) 100vw, 462px\" \/><\/figure>\n","protected":false},"excerpt":{"rendered":"<p>Etudiante en deuxi\u00e8me ann\u00e9e de bts NDRC en alternance dans une agence immobili\u00e8re &#8216;Caracas&#8217; \u00e0 Canet-en-Roussillon. J&#8217;ai 21 ans et [&hellip;]<\/p>\n","protected":false},"author":1,"featured_media":0,"parent":0,"menu_order":0,"comment_status":"closed","ping_status":"closed","template":"","meta":{"site-sidebar-layout":"default","site-content-layout":"","ast-site-content-layout":"default","site-content-style":"default","site-sidebar-style":"default","ast-global-header-display":"","ast-banner-title-visibility":"","ast-main-header-display":"","ast-hfb-above-header-display":"","ast-hfb-below-header-display":"","ast-hfb-mobile-header-display":"","site-post-title":"","ast-breadcrumbs-content":"","ast-featured-img":"","footer-sml-layout":"","theme-transparent-header-meta":"","adv-header-id-meta":"","stick-header-meta":"","header-above-stick-meta":"","header-main-stick-meta":"","header-below-stick-meta":"","astra-migrate-meta-layouts":"default","ast-page-background-enabled":"default","ast-page-background-meta":{"desktop":{"background-color":"var(--ast-global-color-5)","background-image":"","background-repeat":"repeat","background-position":"center center","background-size":"auto","background-attachment":"scroll","background-type":"","background-media":"","overlay-type":"","overlay-color":"","overlay-opacity":"","overlay-gradient":""},"tablet":{"background-color":"","background-image":"","background-repeat":"repeat","background-position":"center center","background-size":"auto","background-attachment":"scroll","background-type":"","background-media":"","overlay-type":"","overlay-color":"","overlay-opacity":"","overlay-gradient":""},"mobile":{"background-color":"","background-image":"","background-repeat":"repeat","background-position":"center center","background-size":"auto","background-attachment":"scroll","background-type":"","background-media":"","overlay-type":"","overlay-color":"","overlay-opacity":"","overlay-gradient":""}},"ast-content-background-meta":{"desktop":{"background-color":"var(--ast-global-color-4)","background-image":"","background-repeat":"repeat","background-position":"center center","background-size":"auto","background-attachment":"scroll","background-type":"","background-media":"","overlay-type":"","overlay-color":"","overlay-opacity":"","overlay-gradient":""},"tablet":{"background-color":"var(--ast-global-color-4)","background-image":"","background-repeat":"repeat","background-position":"center center","background-size":"auto","background-attachment":"scroll","background-type":"","background-media":"","overlay-type":"","overlay-color":"","overlay-opacity":"","overlay-gradient":""},"mobile":{"background-color":"var(--ast-global-color-4)","background-image":"","background-repeat":"repeat","background-position":"center center","background-size":"auto","background-attachment":"scroll","background-type":"","background-media":"","overlay-type":"","overlay-color":"","overlay-opacity":"","overlay-gradient":""}},"footnotes":""},"class_list":["post-28","page","type-page","status-publish","hentry"],"yoast_head":"<!-- This site is optimized with the Yoast SEO plugin v26.4 - https:\/\/yoast.com\/wordpress\/plugins\/seo\/ -->\n<title>A propos - Laura Ndrc24<\/title>\n<meta name=\"robots\" content=\"index, follow, max-snippet:-1, max-image-preview:large, max-video-preview:-1\" \/>\n<link rel=\"canonical\" href=\"https:\/\/laura-ndrc24.se-formation.fr\/index.php\/a-propos\/\" \/>\n<meta property=\"og:locale\" content=\"en_US\" \/>\n<meta property=\"og:type\" content=\"article\" \/>\n<meta property=\"og:title\" content=\"A propos - Laura Ndrc24\" \/>\n<meta property=\"og:description\" content=\"Etudiante en deuxi\u00e8me ann\u00e9e de bts NDRC en alternance dans une agence immobili\u00e8re &#8216;Caracas&#8217; \u00e0 Canet-en-Roussillon. J&#8217;ai 21 ans et [&hellip;]\" \/>\n<meta property=\"og:url\" content=\"https:\/\/laura-ndrc24.se-formation.fr\/index.php\/a-propos\/\" \/>\n<meta property=\"og:site_name\" content=\"Laura Ndrc24\" \/>\n<meta property=\"article:modified_time\" content=\"2025-10-28T11:20:54+00:00\" \/>\n<meta property=\"og:image\" content=\"https:\/\/laura-ndrc24.se-formation.fr\/wp-content\/uploads\/2025\/10\/Capture-decran-2025-10-28-a-12.20.19.png\" \/>\n\t<meta property=\"og:image:width\" content=\"462\" \/>\n\t<meta property=\"og:image:height\" content=\"284\" \/>\n\t<meta property=\"og:image:type\" content=\"image\/png\" \/>\n<meta name=\"twitter:card\" content=\"summary_large_image\" \/>\n<script type=\"application\/ld+json\" class=\"yoast-schema-graph\">{\"@context\":\"https:\/\/schema.org\",\"@graph\":[{\"@type\":\"WebPage\",\"@id\":\"https:\/\/laura-ndrc24.se-formation.fr\/index.php\/a-propos\/\",\"url\":\"https:\/\/laura-ndrc24.se-formation.fr\/index.php\/a-propos\/\",\"name\":\"A propos - Laura Ndrc24\",\"isPartOf\":{\"@id\":\"https:\/\/laura-ndrc24.se-formation.fr\/#website\"},\"primaryImageOfPage\":{\"@id\":\"https:\/\/laura-ndrc24.se-formation.fr\/index.php\/a-propos\/#primaryimage\"},\"image\":{\"@id\":\"https:\/\/laura-ndrc24.se-formation.fr\/index.php\/a-propos\/#primaryimage\"},\"thumbnailUrl\":\"https:\/\/laura-ndrc24.se-formation.fr\/wp-content\/uploads\/2025\/10\/Capture-decran-2025-10-28-a-12.20.19.png\",\"datePublished\":\"2025-10-28T11:09:26+00:00\",\"dateModified\":\"2025-10-28T11:20:54+00:00\",\"breadcrumb\":{\"@id\":\"https:\/\/laura-ndrc24.se-formation.fr\/index.php\/a-propos\/#breadcrumb\"},\"inLanguage\":\"en-US\",\"potentialAction\":[{\"@type\":\"ReadAction\",\"target\":[\"https:\/\/laura-ndrc24.se-formation.fr\/index.php\/a-propos\/\"]}]},{\"@type\":\"ImageObject\",\"inLanguage\":\"en-US\",\"@id\":\"https:\/\/laura-ndrc24.se-formation.fr\/index.php\/a-propos\/#primaryimage\",\"url\":\"https:\/\/laura-ndrc24.se-formation.fr\/wp-content\/uploads\/2025\/10\/Capture-decran-2025-10-28-a-12.20.19.png\",\"contentUrl\":\"https:\/\/laura-ndrc24.se-formation.fr\/wp-content\/uploads\/2025\/10\/Capture-decran-2025-10-28-a-12.20.19.png\",\"width\":462,\"height\":284},{\"@type\":\"BreadcrumbList\",\"@id\":\"https:\/\/laura-ndrc24.se-formation.fr\/index.php\/a-propos\/#breadcrumb\",\"itemListElement\":[{\"@type\":\"ListItem\",\"position\":1,\"name\":\"Accueil\",\"item\":\"https:\/\/laura-ndrc24.se-formation.fr\/\"},{\"@type\":\"ListItem\",\"position\":2,\"name\":\"A propos\"}]},{\"@type\":\"WebSite\",\"@id\":\"https:\/\/laura-ndrc24.se-formation.fr\/#website\",\"url\":\"https:\/\/laura-ndrc24.se-formation.fr\/\",\"name\":\"Laura Ndrc24\",\"description\":\"\",\"potentialAction\":[{\"@type\":\"SearchAction\",\"target\":{\"@type\":\"EntryPoint\",\"urlTemplate\":\"https:\/\/laura-ndrc24.se-formation.fr\/?s={search_term_string}\"},\"query-input\":{\"@type\":\"PropertyValueSpecification\",\"valueRequired\":true,\"valueName\":\"search_term_string\"}}],\"inLanguage\":\"en-US\"}]}<\/script>\n<!-- \/ Yoast SEO plugin. -->","yoast_head_json":{"title":"A propos - Laura Ndrc24","robots":{"index":"index","follow":"follow","max-snippet":"max-snippet:-1","max-image-preview":"max-image-preview:large","max-video-preview":"max-video-preview:-1"},"canonical":"https:\/\/laura-ndrc24.se-formation.fr\/index.php\/a-propos\/","og_locale":"en_US","og_type":"article","og_title":"A propos - Laura Ndrc24","og_description":"Etudiante en deuxi\u00e8me ann\u00e9e de bts NDRC en alternance dans une agence immobili\u00e8re &#8216;Caracas&#8217; \u00e0 Canet-en-Roussillon. J&#8217;ai 21 ans et [&hellip;]","og_url":"https:\/\/laura-ndrc24.se-formation.fr\/index.php\/a-propos\/","og_site_name":"Laura Ndrc24","article_modified_time":"2025-10-28T11:20:54+00:00","og_image":[{"width":462,"height":284,"url":"https:\/\/laura-ndrc24.se-formation.fr\/wp-content\/uploads\/2025\/10\/Capture-decran-2025-10-28-a-12.20.19.png","type":"image\/png"}],"twitter_card":"summary_large_image","schema":{"@context":"https:\/\/schema.org","@graph":[{"@type":"WebPage","@id":"https:\/\/laura-ndrc24.se-formation.fr\/index.php\/a-propos\/","url":"https:\/\/laura-ndrc24.se-formation.fr\/index.php\/a-propos\/","name":"A propos - Laura Ndrc24","isPartOf":{"@id":"https:\/\/laura-ndrc24.se-formation.fr\/#website"},"primaryImageOfPage":{"@id":"https:\/\/laura-ndrc24.se-formation.fr\/index.php\/a-propos\/#primaryimage"},"image":{"@id":"https:\/\/laura-ndrc24.se-formation.fr\/index.php\/a-propos\/#primaryimage"},"thumbnailUrl":"https:\/\/laura-ndrc24.se-formation.fr\/wp-content\/uploads\/2025\/10\/Capture-decran-2025-10-28-a-12.20.19.png","datePublished":"2025-10-28T11:09:26+00:00","dateModified":"2025-10-28T11:20:54+00:00","breadcrumb":{"@id":"https:\/\/laura-ndrc24.se-formation.fr\/index.php\/a-propos\/#breadcrumb"},"inLanguage":"en-US","potentialAction":[{"@type":"ReadAction","target":["https:\/\/laura-ndrc24.se-formation.fr\/index.php\/a-propos\/"]}]},{"@type":"ImageObject","inLanguage":"en-US","@id":"https:\/\/laura-ndrc24.se-formation.fr\/index.php\/a-propos\/#primaryimage","url":"https:\/\/laura-ndrc24.se-formation.fr\/wp-content\/uploads\/2025\/10\/Capture-decran-2025-10-28-a-12.20.19.png","contentUrl":"https:\/\/laura-ndrc24.se-formation.fr\/wp-content\/uploads\/2025\/10\/Capture-decran-2025-10-28-a-12.20.19.png","width":462,"height":284},{"@type":"BreadcrumbList","@id":"https:\/\/laura-ndrc24.se-formation.fr\/index.php\/a-propos\/#breadcrumb","itemListElement":[{"@type":"ListItem","position":1,"name":"Accueil","item":"https:\/\/laura-ndrc24.se-formation.fr\/"},{"@type":"ListItem","position":2,"name":"A propos"}]},{"@type":"WebSite","@id":"https:\/\/laura-ndrc24.se-formation.fr\/#website","url":"https:\/\/laura-ndrc24.se-formation.fr\/","name":"Laura Ndrc24","description":"","potentialAction":[{"@type":"SearchAction","target":{"@type":"EntryPoint","urlTemplate":"https:\/\/laura-ndrc24.se-formation.fr\/?s={search_term_string}"},"query-input":{"@type":"PropertyValueSpecification","valueRequired":true,"valueName":"search_term_string"}}],"inLanguage":"en-US"}]}},"_links":{"self":[{"href":"https:\/\/laura-ndrc24.se-formation.fr\/index.php\/wp-json\/wp\/v2\/pages\/28","targetHints":{"allow":["GET"]}}],"collection":[{"href":"https:\/\/laura-ndrc24.se-formation.fr\/index.php\/wp-json\/wp\/v2\/pages"}],"about":[{"href":"https:\/\/laura-ndrc24.se-formation.fr\/index.php\/wp-json\/wp\/v2\/types\/page"}],"author":[{"embeddable":true,"href":"https:\/\/laura-ndrc24.se-formation.fr\/index.php\/wp-json\/wp\/v2\/users\/1"}],"replies":[{"embeddable":true,"href":"https:\/\/laura-ndrc24.se-formation.fr\/index.php\/wp-json\/wp\/v2\/comments?post=28"}],"version-history":[{"count":4,"href":"https:\/\/laura-ndrc24.se-formation.fr\/index.php\/wp-json\/wp\/v2\/pages\/28\/revisions"}],"predecessor-version":[{"id":37,"href":"https:\/\/laura-ndrc24.se-formation.fr\/index.php\/wp-json\/wp\/v2\/pages\/28\/revisions\/37"}],"wp:attachment":[{"href":"https:\/\/laura-ndrc24.se-formation.fr\/index.php\/wp-json\/wp\/v2\/media?parent=28"}],"curies":[{"name":"wp","href":"https:\/\/api.w.org\/{rel}","templated":true}]}}